{"id":147,"date":"2024-01-03T11:05:51","date_gmt":"2024-01-03T10:05:51","guid":{"rendered":"https:\/\/websites.fraunhofer.de\/deepbirddetect\/?page_id=147"},"modified":"2024-02-14T12:00:23","modified_gmt":"2024-02-14T11:00:23","slug":"impressum","status":"publish","type":"page","link":"https:\/\/deepbirddetect.de\/en\/impressum\/","title":{"rendered":"Legal Notice"},"content":{"rendered":"<p>The Fraunhofer Institute for Energy Economics and Energy System Technology IEE,<br>Fraunhofer Institute for Energy Economics and Energy System Technology IEE<br>Joseph-Beuys-Stra\u00dfe 8<br>34117 Kassel, Germany<br>Web: <strong>www.iee.fraunhofer.de<\/strong><\/p>\n\n\n\n<h6 class=\"wp-block-heading\">Web editorial office<\/h6>\n\n\n\n<p>Mail: christoph.scholz@iee.fraunhofer.de<br><br>is a legally non-independent organisation of the<br><br>Fraunhofer Society<br>for the Promotion of Applied Research e.V.<br>Hansastra\u00dfe 27 c<br>80686 Munich<br>Web: <strong>www.fraunhofer.de<\/strong><br><br>Sales tax identification number according to \u00a7 27 a<br>Value Added Tax Act: DE 129515865<br><br>Register Court<br>Munich Local Court<br>Registered Association<br>Register no. VR 4461<\/p>\n\n\n\n<h6 class=\"wp-block-heading\">Board of Directors<\/h6>\n\n\n\n<p>Prof. Dr Holger Hanselka | President<br>Prof Dr Axel M\u00fcller-Groeling | Member of the Executive Board<br>Ass. jur. Elisabeth Ewen | Member of the Executive Board<br>Dr Sandra Krey | Member of the Executive Board<\/p>\n\n\n\n<h6 class=\"wp-block-heading\">Right of use<\/h6>\n\n\n\n<p>\u00a9 Fraunhofer-Gesellschaft e.V., Munich<br>All rights reserved.<br>The copyright for this website is held in full by the Fraunhofer-Gesellschaft.<\/p>\n\n\n\n<p>Downloading or printing these publications is only permitted for personal use. All other uses, in particular commercial use and distribution, are generally not permitted and require written authorization.<br><br>Furthermore, downloading or printing is only permitted for the purpose of reporting on the Fraunhofer-Gesellschaft and its institutes in accordance with the terms of use below:<br><br>Graphic changes to image motifs - except for cropping the main motif - are not permitted. The source must always be cited and two free specimen copies must be sent to the above address. Use is free of charge.<\/p>\n\n\n\n<h6 class=\"wp-block-heading\">Disclaimer<\/h6>\n\n\n\n<p>We accept no liability for the content of external links. The operators of the linked pages are solely responsible for their content.<\/p>\n\n\n\n<p>We endeavour to ensure that the content of this website is always up-to-date, correct and complete. Nevertheless, the occurrence of errors cannot be completely ruled out. The Fraunhofer Institute or the Fraunhofer-Gesellschaft accepts no liability for the topicality, accuracy or completeness of the information provided on its website. This refers to any material or non-material damage to third parties caused by the use of this website.<br><br>As a rule, protected trademarks and names, images and texts are not labelled as such on our pages. However, the absence of such labelling does not mean that it is a free name, a free image or a free text within the meaning of trademark law.<\/p>","protected":false},"excerpt":{"rendered":"<p>Das Fraunhofer-Institut f\u00fcr Energiewirtschaft und Energiesystemtechnik IEE,Fraunhofer-Institut f\u00fcr Energiewirtschaft und Energiesystemtechnik IEEJoseph-Beuys-Stra\u00dfe 834117 Kassel, GermanyInternet: www.iee.fraunhofer.de Web-Redaktion Mail: christoph.scholz@iee.fraunhofer.de ist eine rechtlich nicht selbstst\u00e4ndige Einrichtung der Fraunhofer-Gesellschaftzur F\u00f6rderung der angewandten Forschung e.V.Hansastra\u00dfe 27 c80686 M\u00fcnchenInternet: www.fraunhofer.de Umsatzsteuer-Identifikationsnummer gem\u00e4\u00df \u00a7 27 aUmsatzsteuergesetz: DE 129515865 RegistergerichtAmtsgericht M\u00fcnchenEingetragener VereinRegister-Nr. VR 4461 Vorstand Prof. Dr.-Ing. Holger Hanselka | Pr\u00e4sidentProf. [&hellip;]<\/p>","protected":false},"author":1,"featured_media":0,"parent":0,"menu_order":0,"comment_status":"closed","ping_status":"closed","template":"","meta":{"site-sidebar-layout":"default","site-content-layout":"","ast-site-content-layout":"default","site-content-style":"default","site-sidebar-style":"default","ast-global-header-display":"","ast-banner-title-visibility":"","ast-main-header-display":"","ast-hfb-above-header-display":"","ast-hfb-below-header-display":"","ast-hfb-mobile-header-display":"","site-post-title":"","ast-breadcrumbs-content":"","ast-featured-img":"","footer-sml-layout":"","theme-transparent-header-meta":"","adv-header-id-meta":"","stick-header-meta":"","header-above-stick-meta":"","header-main-stick-meta":"","header-below-stick-meta":"","astra-migrate-meta-layouts":"default","ast-page-background-enabled":"default","ast-page-background-meta":{"desktop":{"background-color":"var(--ast-global-color-4)","background-image":"","background-repeat":"repeat","background-position":"center center","background-size":"auto","background-attachment":"scroll","background-type":"","background-media":"","overlay-type":"","overlay-color":"","overlay-opacity":"","overlay-gradient":""},"tablet":{"background-color":"","background-image":"","background-repeat":"repeat","background-position":"center center","background-size":"auto","background-attachment":"scroll","background-type":"","background-media":"","overlay-type":"","overlay-color":"","overlay-opacity":"","overlay-gradient":""},"mobile":{"background-color":"","background-image":"","background-repeat":"repeat","background-position":"center center","background-size":"auto","background-attachment":"scroll","background-type":"","background-media":"","overlay-type":"","overlay-color":"","overlay-opacity":"","overlay-gradient":""}},"ast-content-background-meta":{"desktop":{"background-color":"var(--ast-global-color-5)","background-image":"","background-repeat":"repeat","background-position":"center center","background-size":"auto","background-attachment":"scroll","background-type":"","background-media":"","overlay-type":"","overlay-color":"","overlay-opacity":"","overlay-gradient":""},"tablet":{"background-color":"var(--ast-global-color-5)","background-image":"","background-repeat":"repeat","background-position":"center center","background-size":"auto","background-attachment":"scroll","background-type":"","background-media":"","overlay-type":"","overlay-color":"","overlay-opacity":"","overlay-gradient":""},"mobile":{"background-color":"var(--ast-global-color-5)","background-image":"","background-repeat":"repeat","background-position":"center center","background-size":"auto","background-attachment":"scroll","background-type":"","background-media":"","overlay-type":"","overlay-color":"","overlay-opacity":"","overlay-gradient":""}},"footnotes":""},"class_list":["post-147","page","type-page","status-publish","hentry"],"_links":{"self":[{"href":"https:\/\/deepbirddetect.de\/en\/wp-json\/wp\/v2\/pages\/147","targetHints":{"allow":["GET"]}}],"collection":[{"href":"https:\/\/deepbirddetect.de\/en\/wp-json\/wp\/v2\/pages"}],"about":[{"href":"https:\/\/deepbirddetect.de\/en\/wp-json\/wp\/v2\/types\/page"}],"author":[{"embeddable":true,"href":"https:\/\/deepbirddetect.de\/en\/wp-json\/wp\/v2\/users\/1"}],"replies":[{"embeddable":true,"href":"https:\/\/deepbirddetect.de\/en\/wp-json\/wp\/v2\/comments?post=147"}],"version-history":[{"count":2,"href":"https:\/\/deepbirddetect.de\/en\/wp-json\/wp\/v2\/pages\/147\/revisions"}],"predecessor-version":[{"id":841,"href":"https:\/\/deepbirddetect.de\/en\/wp-json\/wp\/v2\/pages\/147\/revisions\/841"}],"wp:attachment":[{"href":"https:\/\/deepbirddetect.de\/en\/wp-json\/wp\/v2\/media?parent=147"}],"curies":[{"name":"wp","href":"https:\/\/api.w.org\/{rel}","templated":true}]}}