{"id":58,"date":"2023-12-22T10:16:21","date_gmt":"2023-12-22T09:16:21","guid":{"rendered":"https:\/\/websites.fraunhofer.de\/deepbirddetect\/?page_id=58"},"modified":"2024-05-23T16:58:26","modified_gmt":"2024-05-23T14:58:26","slug":"das-projekt","status":"publish","type":"page","link":"https:\/\/deepbirddetect.de\/en\/das-projekt\/","title":{"rendered":"Project"},"content":{"rendered":"<div class=\"wp-block-group is-layout-constrained wp-block-group-is-layout-constrained\">\n<h4 class=\"wp-block-heading\" id=\"idee\">Main Idea<\/h4>\n\n\n\n<h5 class=\"wp-block-heading\">Reconciling wind energie and species protection using Artificial Intelligence<\/h5>\n\n\n\n<p>The contribution of wind energy expansion will be central to Germany\u2019s energy transformation. The buildout of wind power, however, has been facing strong headwinds lately. Currently, fewer and fewer wind farms are being installed. Why is that? <\/p>\n\n\n\n<p>The reason often lies in legal matters. Lawsuits due to the protection of endangered species often delay the process. The authorities need to ensure that the construction and use of wind farms complies with the provisions of bird protection directives: the habitat of threatened species must not be impaired by power plants.\n\nThis is why ornithologists need to check potential building areas for endangered bird species first. They record bird voices in the area and classify them one by one. This method is effective but highly time-consuming: a win for the fauna \u2013 a loss for wind expansion.<\/p>\n\n\n\n<p>The expansion of wind energy hence entails a contradiction. On the one hand, in-depth species protection reports are essential for the preservation of threatened species. On the other hand, they create legal barriers that delay wind power buildouts.<\/p>\n\n\n\n<p><strong>Protecting species or accelerating wind expansion? <em>DeepBirdDetect<\/em> makes both possible.<\/strong><\/p>\n\n\n\n<p class=\"translation-block\">The centerpiece of DeepBirdDetect is an artificial intelligence that identifies bird voices. Equipped with the AI, \u201csmart recorders\u201d will continuously register the occurrence and distribution of species in any area according to spatial and temporal parameters. A mobile application will present the results in a user-friendly interface and equip users such as ornithologists and mappers with an effective tool for thoroughly screening the fauna in their territory.<\/p>\n\n\n\n<p class=\"translation-block\">This is how DeepBirdDetect reconciles the conflict: It accelerates the approval process for wind expansion and helps ornithologists and faunistic experts comprehensively document the biodiversity of their territory.<\/p>\n<\/div>\n\n\n\n<div class=\"wp-block-group has-ast-global-color-7-background-color has-background is-layout-constrained wp-block-group-is-layout-constrained\">\n<div class=\"wp-block-group is-layout-constrained wp-block-group-is-layout-constrained\">\n<div class=\"wp-block-group is-layout-constrained wp-block-group-is-layout-constrained\">\n<h4 class=\"wp-block-heading\" id=\"methodik\">AI Methods<\/h4>\n\n\n\n<div class=\"wp-block-group is-layout-constrained wp-block-group-is-layout-constrained\">\n<div class=\"wp-block-group is-layout-constrained wp-block-group-is-layout-constrained\">\n<h5 class=\"wp-block-heading\"><strong>Few-Shot Learning<\/strong><\/h5>\n\n\n\n<div class=\"wp-block-media-text is-stacked-on-mobile is-vertically-aligned-top\" style=\"grid-template-columns:15% auto\"><figure class=\"wp-block-media-text__media\"><img loading=\"lazy\" decoding=\"async\" width=\"460\" height=\"488\" src=\"https:\/\/deepbirddetect.de\/wp-content\/uploads\/2024\/02\/Few-Shot-Learning-ohne-Hintergrund-e1708070481826.png\" alt=\"\" class=\"wp-image-754 size-full\" srcset=\"https:\/\/deepbirddetect.de\/wp-content\/uploads\/2024\/02\/Few-Shot-Learning-ohne-Hintergrund-e1708070481826.png 460w, https:\/\/deepbirddetect.de\/wp-content\/uploads\/2024\/02\/Few-Shot-Learning-ohne-Hintergrund-e1708070481826-283x300.png 283w\" sizes=\"auto, (max-width: 460px) 100vw, 460px\" \/><\/figure><div class=\"wp-block-media-text__content\">\n<p>With the help of <em>Few-Shot-Learning<\/em> AI models can be developed even with only a small amount of available data. Normally, AI requires a large amount of training data in order to learn patterns and make predictions. With <em>Few-Shot Learning<\/em> , however, the AI learns from just a few examples. So-called prior knowledge, for example in the form of a model pre-trained with other, similar data, serves as the starting point. The few shot data is then applied to this.  A major advantage of using only a small amount of well-annotated data is that the often lengthy and cost-intensive annotations can be significantly reduced.<br><br><\/p>\n<\/div><\/div>\n<\/div>\n\n\n\n<p class=\"translation-block\">The DeepBirdDetect AI should identify as many different bird sounds as possible. However, there are not always sufficient sound examples of each species available to train the AI with. With the help of few-shot learning, the AI can nevertheless independently derive patterns and information from the bird sounds it knows and thus also identify bird songs of which it has very few sound examples.<\/p>\n\n\n\n<div style=\"height:10px\" aria-hidden=\"true\" class=\"wp-block-spacer\"><\/div>\n<\/div>\n<\/div>\n\n\n\n<div class=\"wp-block-group is-layout-constrained wp-block-group-is-layout-constrained\">\n<h5 class=\"wp-block-heading\"><strong>Contrastive Learning<br><\/strong><\/h5>\n\n\n\n<div class=\"wp-block-media-text is-stacked-on-mobile is-vertically-aligned-top\" style=\"grid-template-columns:15% auto\"><figure class=\"wp-block-media-text__media\"><img loading=\"lazy\" decoding=\"async\" width=\"655\" height=\"636\" src=\"https:\/\/deepbirddetect.de\/wp-content\/uploads\/2024\/02\/Contrastive-Learning-ohne-Hintergrund-e1707301932636.png\" alt=\"\" class=\"wp-image-756 size-full\" srcset=\"https:\/\/deepbirddetect.de\/wp-content\/uploads\/2024\/02\/Contrastive-Learning-ohne-Hintergrund-e1707301932636.png 655w, https:\/\/deepbirddetect.de\/wp-content\/uploads\/2024\/02\/Contrastive-Learning-ohne-Hintergrund-e1707301932636-300x291.png 300w\" sizes=\"auto, (max-width: 655px) 100vw, 655px\" \/><\/figure><div class=\"wp-block-media-text__content\">\n<p>Using <em>Contrastive Learning<\/em> , a computer learns through comparisons. The AI compares data sets and filters out similarities and differences. It will use these findings to distinguish the different data from one another. This allows the AI to be trained with unlabeled data sets that have not already been categorized in advance. Contrastive learning offers significant advantages for bird call classification, including the ability to make do with less annotated data, generate more robust and generalisable feature representations of the data, and adapt efficiently to different environments and conditions.<\/p>\n<\/div><\/div>\n\n\n\n<p class=\"translation-block\">DeepBirdDetect uses contrastive learning to better recognize different types of bird calls. The AI can categorize a bird call based on differences or similarities to familiar bird calls.<\/p>\n\n\n\n<div style=\"height:10px\" aria-hidden=\"true\" class=\"wp-block-spacer\"><\/div>\n<\/div>\n<\/div>\n\n\n\n<div class=\"wp-block-group is-layout-constrained wp-block-group-is-layout-constrained\">\n<h5 class=\"wp-block-heading\"><strong>Active Learning<br><\/strong><\/h5>\n\n\n\n<div class=\"wp-block-group is-layout-constrained wp-block-group-is-layout-constrained\">\n<div class=\"wp-block-group is-layout-constrained wp-block-group-is-layout-constrained\">\n<div class=\"wp-block-media-text is-stacked-on-mobile is-vertically-aligned-top\" style=\"grid-template-columns:15% auto\"><figure class=\"wp-block-media-text__media\"><img loading=\"lazy\" decoding=\"async\" width=\"738\" height=\"701\" src=\"https:\/\/deepbirddetect.de\/wp-content\/uploads\/2024\/02\/Active-Learning-ohne-Hintergrund-e1707301987883.png\" alt=\"\" class=\"wp-image-757 size-full\" srcset=\"https:\/\/deepbirddetect.de\/wp-content\/uploads\/2024\/02\/Active-Learning-ohne-Hintergrund-e1707301987883.png 738w, https:\/\/deepbirddetect.de\/wp-content\/uploads\/2024\/02\/Active-Learning-ohne-Hintergrund-e1707301987883-300x285.png 300w\" sizes=\"auto, (max-width: 738px) 100vw, 738px\" \/><\/figure><div class=\"wp-block-media-text__content\">\n<p><em>Active Learning<\/em> is a method of machine learning. The computer decides for itself which data it wants to use for its training instead of just waiting for predefined data sets. It actively asks for the specific information it requires - comparable to a motivated student who does not just passively absorb the lesson material but asks questions in order to understand. The aim is to keep the required annotations low and thus minimise annotation costs by selecting relevant data appropriately while maintaining high model performance. <\/p>\n<\/div><\/div>\n<\/div>\n\n\n\n<p class=\"translation-block\">When users use the DeepBirdDetect AI to identify bird calls, new data is continuously generated. Users record new audio files and they can, if ornithologically experienced, give the AI feedback on its analysis. Through active learning, the AI can use this valuable data to identify more bird calls and deliver more reliable results.<\/p>\n\n\n\n<div style=\"height:10px\" aria-hidden=\"true\" class=\"wp-block-spacer\"><\/div>\n<\/div>\n<\/div>\n\n\n\n<h5 class=\"wp-block-heading\"><strong>Self-Supervised Learning<\/strong><\/h5>\n\n\n\n<div class=\"wp-block-media-text alignfull is-stacked-on-mobile is-vertically-aligned-top\" style=\"grid-template-columns:15% auto\"><figure class=\"wp-block-media-text__media\"><img loading=\"lazy\" decoding=\"async\" width=\"580\" height=\"593\" src=\"https:\/\/deepbirddetect.de\/wp-content\/uploads\/2024\/02\/self-supervised-learning-1-ohne-Hintergrund-e1707982482472.png\" alt=\"\" class=\"wp-image-852 size-full\" srcset=\"https:\/\/deepbirddetect.de\/wp-content\/uploads\/2024\/02\/self-supervised-learning-1-ohne-Hintergrund-e1707982482472.png 580w, https:\/\/deepbirddetect.de\/wp-content\/uploads\/2024\/02\/self-supervised-learning-1-ohne-Hintergrund-e1707982482472-293x300.png 293w\" sizes=\"auto, (max-width: 580px) 100vw, 580px\" \/><\/figure><div class=\"wp-block-media-text__content\">\n<p>With the help of <em>Self-Supervised Learning<\/em> <em>(SSL) <\/em>, computers can learn from data that has no specific labels. Instead, the computer generates its own labels. These labels are then used for supervised learning tasks, in particular for classification: SSL-models can learn to understand images, for instance. Artificial tasks are constructed to create the labels. One of these tasks can be hiding parts of images and training the model to reconstruct these hidden parts. This is how the SSL-model can understand relationships and similarities of the data.<\/p>\n\n\n\n<p>This approach aims to significantly increase the efficiency and raise quality standards. Modern deep learning methods are used to perform the task of label generation autonomously. Suitable techniques from both areas are selected and applied to the respective problem in order to develop and evaluate new models.<\/p>\n<\/div><\/div>\n\n\n\n<p class=\"translation-block\">In DeepBirdDetect, self-supervised learning is implemented using a combination of contrastive learning and few-shot learning. Once the model has been trained to learn a meaningful representation of bird calls, it can be fine-tuned to a classification task that involves classifying the different call types. This approach utilises the prior knowledge that the model has acquired through self-supervised learning to improve performance on the classification task.<\/p>\n\n\n\n<h5 class=\"wp-block-heading\">Explainable AI<\/h5>\n\n\n\n<div class=\"wp-block-media-text is-stacked-on-mobile\" style=\"grid-template-columns:15% auto\"><figure class=\"wp-block-media-text__media\"><img loading=\"lazy\" decoding=\"async\" width=\"500\" height=\"500\" src=\"https:\/\/deepbirddetect.de\/wp-content\/uploads\/2024\/05\/DALL_E_2024-05-23_16.53.58_-_An_icon_for_Explainable_AI_featuring_a_magnifying_glass_and_a_neural_network._The_magnifying_glass_is_a_mix_of_light_and_dark_blue_colors__with_a_slee-removebg-preview.png\" alt=\"\" class=\"wp-image-1582 size-full\" srcset=\"https:\/\/deepbirddetect.de\/wp-content\/uploads\/2024\/05\/DALL_E_2024-05-23_16.53.58_-_An_icon_for_Explainable_AI_featuring_a_magnifying_glass_and_a_neural_network._The_magnifying_glass_is_a_mix_of_light_and_dark_blue_colors__with_a_slee-removebg-preview.png 500w, https:\/\/deepbirddetect.de\/wp-content\/uploads\/2024\/05\/DALL_E_2024-05-23_16.53.58_-_An_icon_for_Explainable_AI_featuring_a_magnifying_glass_and_a_neural_network._The_magnifying_glass_is_a_mix_of_light_and_dark_blue_colors__with_a_slee-removebg-preview-300x300.png 300w, https:\/\/deepbirddetect.de\/wp-content\/uploads\/2024\/05\/DALL_E_2024-05-23_16.53.58_-_An_icon_for_Explainable_AI_featuring_a_magnifying_glass_and_a_neural_network._The_magnifying_glass_is_a_mix_of_light_and_dark_blue_colors__with_a_slee-removebg-preview-150x150.png 150w, https:\/\/deepbirddetect.de\/wp-content\/uploads\/2024\/05\/DALL_E_2024-05-23_16.53.58_-_An_icon_for_Explainable_AI_featuring_a_magnifying_glass_and_a_neural_network._The_magnifying_glass_is_a_mix_of_light_and_dark_blue_colors__with_a_slee-removebg-preview-12x12.png 12w\" sizes=\"auto, (max-width: 500px) 100vw, 500px\" \/><\/figure><div class=\"wp-block-media-text__content\">\n<p><em>Explainable AI (XAI) <\/em>umfasst verschiedene Methoden, die die Entscheidungsprozesse von KI-Modellen transparent und nachvollziehbar machen. Durch die Offenlegung der internen Mechanismen und Entscheidungsgrundlagen k\u00f6nnen Nutzer KI-Modelle besser verstehen und Vertrauen in ihre Anwendungen gewinnen. Dar\u00fcber hinaus erm\u00f6glicht XAI, potenzielle Verzerrungen und Fehler in den Modellen zu identifizieren und zu korrigieren, was die Zuverl\u00e4ssigkeit und Fairness von KI-Systemen deutlich erh\u00f6ht. Dies f\u00f6rdert nicht nur die Akzeptanz, sondern auch den verantwortungsvollen und ethischen Einsatz von KI-Technologien.<\/p>\n<\/div><\/div>\n\n\n\n<p><em>Explainable AI<\/em> unterst\u00fctzt <em>DeepBirdDetect<\/em> dabei, die Entscheidungsprozesse der KI bei der Erkennung von Vogelstimmen transparent und nachvollziehbar zu machen. Dadurch k\u00f6nnen Nutzer die Zuordnung bestimmter Laute zu Vogelarten nachvollziehen, was das Vertrauen in die Technologie st\u00e4rkt und eine fundierte Fehleranalyse sowie Korrekturm\u00f6glichkeiten bietet. Dar\u00fcber hinaus k\u00f6nnen ornithologische Experten die Genauigkeit und Zuverl\u00e4ssigkeit der Erkennung validieren und kontinuierlich verbessern.<\/p>\n<\/div>\n\n\n\n<div class=\"wp-block-group is-layout-constrained wp-block-group-is-layout-constrained\">\n<div class=\"wp-block-group is-layout-constrained wp-block-group-is-layout-constrained\">\n<h4 class=\"wp-block-heading\" id=\"motivation\">Motivation<\/h4>\n\n\n\n<p><strong>We think, renewable energy and protection of species are not mutually exclusive.<\/strong><\/p>\n\n\n\n<p>Germany aims to be climate neutral by 2045.<br>Additionally, the member states of the United Nations have defined 17 Sustainable Development Goals (SDG) which must be achieved by 2030. These ambitious targets reflect the growing pressure to curb climate change and develop sustainable solutions.<br><br>Accomplishing such demanding objectives necessitates cooperation. Tackling the challenge together means sharing our knowledge, working together efficiently, and profiting from synergies instead of creating conflicts.<br><br>One example for different sustainability goals being in conflict is the expansion of renewable energy on the one hand and the preservation of biodiversity on the other.<br>The construction and use of wind turbines undoubtedly causes a considerable interference with nature. Wind turbines have deep foundations, the cement seals the ground and yes, the rotors of wind turbines may represent a danger to birds. Bird conservationists are therefore right to remind us that the energy transition must not be implemented at the expense of biodiversity.<br><br><strong>Resigning instead of accepting the challenge?<\/strong> This will not resolve the conflict \u2013 quite the contrary:<br><br>At present, stakeholders even misuse species protection as a reason for lawsuits against wind expansion. However, <a href=\"https:\/\/www.nabu.de\/tiere-und-pflanzen\/voegel\/gefaehrdungen\/24661.html\" data-type=\"link\" data-id=\"https:\/\/www.nabu.de\/tiere-und-pflanzen\/voegel\/gefaehrdungen\/24661.html\" target=\"_blank\" rel=\"noreferrer noopener\">the Nature and Biodiversity Conversation Union (NABU) has estimated<\/a>that compared to other external influences such as industrial agriculture, wind turbines only bear a small risk for birds \u2013 even cats kill 600 times more birds every year.<br><br>Nevertheless, we must act responsibly. Saving our planet requires both: biodiversity and clean energy. We need to build solutions that eliminate the impact of wind turbines on threatened bird species.<br>Birds are an integral part of our ecosystem. They help preserving the native flora by pollinating plants and spreading seeds. Birds also feed primarily on insects and therefore function as natural insect-pest controllers. They regulate the populations of harmful insects that attack and destroy plants. The population of birds in our environment is therefore crucial for the ecological balance.<\/p>\n\n\n\n<p>Germany is home to numerous different bird species. However, the diversity of bird species has declined during the past years. Numerous species are facing extinction due to climate change and the destruction of their natural habitats. A loss of biodiversity jeopardizes the ecosystem.<\/p>\n\n\n\n<p>It is therefore essential to choose the location for wind turbines carefully. At the same time, the threat of global warming urges us to switch to renewable energy sources as quickly as possible.<br><em>DeepBirdDetect<\/em> shows how technological innovation can contribute to reconciling seemingly contradictory objectives. <em>DeepBirdDetect<\/em> resolves the conflict between the expansion of wind energy on the one hand and species protection on the other hand. It provides a solution that merges the demands of species protection and accelerated energy transformation in one application.<\/p>\n\n\n\n<div style=\"height:25px\" aria-hidden=\"true\" class=\"wp-block-spacer\"><\/div>\n<\/div>\n\n\n\n<div class=\"wp-block-group is-layout-constrained wp-block-group-is-layout-constrained\">\n<div class=\"wp-block-group is-content-justification-left is-nowrap is-layout-flex wp-container-core-group-is-layout-a1ed96d5 wp-block-group-is-layout-flex\">\n<p>This is how <em>DeepBirdDetect<\/em> contributes to three of the United Nation\u2019s Sustainable Development Goals:<\/p>\n\n\n\n<div class=\"wp-block-group is-layout-constrained wp-block-group-is-layout-constrained\">\n<div class=\"wp-block-group is-layout-constrained wp-block-group-is-layout-constrained\">\n<div class=\"wp-block-group is-layout-constrained wp-block-group-is-layout-constrained\">\n<div class=\"wp-block-group is-layout-constrained wp-block-group-is-layout-constrained\">\n<div class=\"wp-block-group is-layout-constrained wp-block-group-is-layout-constrained\">\n<div class=\"wp-block-group is-nowrap is-layout-flex wp-container-core-group-is-layout-6c531013 wp-block-group-is-layout-flex\">\n<figure class=\"wp-block-image size-full is-resized\"><img loading=\"lazy\" decoding=\"async\" width=\"57\" height=\"57\" src=\"https:\/\/deepbirddetect.de\/wp-content\/uploads\/2024\/02\/Haken-1.png\" alt=\"\" class=\"wp-image-1040\" style=\"width:36px;height:auto\"\/><\/figure>\n\n\n\n<p>Goal 7 <em>Affordable and Clean Energie<\/em><\/p>\n<\/div>\n\n\n\n<div class=\"wp-block-group is-nowrap is-layout-flex wp-container-core-group-is-layout-6c531013 wp-block-group-is-layout-flex\">\n<figure class=\"wp-block-image size-full is-resized\"><img loading=\"lazy\" decoding=\"async\" width=\"57\" height=\"57\" src=\"https:\/\/deepbirddetect.de\/wp-content\/uploads\/2024\/02\/Haken-1.png\" alt=\"\" class=\"wp-image-1040\" style=\"width:36px;height:auto\"\/><\/figure>\n\n\n\n<p>Goal 13 <em>Climate Action<\/em><\/p>\n<\/div>\n\n\n\n<div class=\"wp-block-group is-layout-constrained wp-block-group-is-layout-constrained\">\n<div class=\"wp-block-group is-nowrap is-layout-flex wp-container-core-group-is-layout-6c531013 wp-block-group-is-layout-flex\">\n<figure class=\"wp-block-image size-full is-resized\"><img loading=\"lazy\" decoding=\"async\" width=\"57\" height=\"57\" src=\"https:\/\/deepbirddetect.de\/wp-content\/uploads\/2024\/02\/Haken-1.png\" alt=\"\" class=\"wp-image-1040\" style=\"width:36px;height:auto\"\/><\/figure>\n\n\n\n<p>Goal 15 <em>Life on Land<\/em><\/p>\n<\/div>\n<\/div>\n<\/div>\n<\/div>\n<\/div>\n<\/div>\n<\/div>\n<\/div>\n<\/div>\n<\/div>","protected":false},"excerpt":{"rendered":"<p>Die Idee Windenergie und Artenschutz mittels k\u00fcnstlicher Intelligenz in Einklang bringen Der Windausbau in Deutschland staut: Derzeit werden immer weniger neue Windkraftanlagen installiert. Dabei ist die Windenergie ein essenzieller Baustein der Energiewende. Woher weht der Gegenwind? Oft verz\u00f6gern Klagen aufgrund von Artenschutzgef\u00e4hrdung den Genehmigungsprozess, denn: Die Errichtung und der Betrieb von Windkraftanlagen d\u00fcrfen den Lebensraum [&hellip;]<\/p>","protected":false},"author":1,"featured_media":0,"parent":0,"menu_order":0,"comment_status":"closed","ping_status":"closed","template":"","meta":{"site-sidebar-layout":"default","site-content-layout":"","ast-site-content-layout":"default","site-content-style":"default","site-sidebar-style":"default","ast-global-header-display":"","ast-banner-title-visibility":"","ast-main-header-display":"","ast-hfb-above-header-display":"","ast-hfb-below-header-display":"","ast-hfb-mobile-header-display":"","site-post-title":"","ast-breadcrumbs-content":"","ast-featured-img":"","footer-sml-layout":"","theme-transparent-header-meta":"","adv-header-id-meta":"","stick-header-meta":"","header-above-stick-meta":"","header-main-stick-meta":"","header-below-stick-meta":"","astra-migrate-meta-layouts":"default","ast-page-background-enabled":"default","ast-page-background-meta":{"desktop":{"background-color":"var(--ast-global-color-4)","background-image":"","background-repeat":"repeat","background-position":"center center","background-size":"auto","background-attachment":"scroll","background-type":"","background-media":"","overlay-type":"","overlay-color":"","overlay-opacity":"","overlay-gradient":""},"tablet":{"background-color":"","background-image":"","background-repeat":"repeat","background-position":"center center","background-size":"auto","background-attachment":"scroll","background-type":"","background-media":"","overlay-type":"","overlay-color":"","overlay-opacity":"","overlay-gradient":""},"mobile":{"background-color":"","background-image":"","background-repeat":"repeat","background-position":"center center","background-size":"auto","background-attachment":"scroll","background-type":"","background-media":"","overlay-type":"","overlay-color":"","overlay-opacity":"","overlay-gradient":""}},"ast-content-background-meta":{"desktop":{"background-color":"var(--ast-global-color-5)","background-image":"","background-repeat":"repeat","background-position":"center center","background-size":"auto","background-attachment":"scroll","background-type":"","background-media":"","overlay-type":"","overlay-color":"","overlay-opacity":"","overlay-gradient":""},"tablet":{"background-color":"var(--ast-global-color-5)","background-image":"","background-repeat":"repeat","background-position":"center center","background-size":"auto","background-attachment":"scroll","background-type":"","background-media":"","overlay-type":"","overlay-color":"","overlay-opacity":"","overlay-gradient":""},"mobile":{"background-color":"var(--ast-global-color-5)","background-image":"","background-repeat":"repeat","background-position":"center center","background-size":"auto","background-attachment":"scroll","background-type":"","background-media":"","overlay-type":"","overlay-color":"","overlay-opacity":"","overlay-gradient":""}},"footnotes":""},"class_list":["post-58","page","type-page","status-publish","hentry"],"_links":{"self":[{"href":"https:\/\/deepbirddetect.de\/en\/wp-json\/wp\/v2\/pages\/58","targetHints":{"allow":["GET"]}}],"collection":[{"href":"https:\/\/deepbirddetect.de\/en\/wp-json\/wp\/v2\/pages"}],"about":[{"href":"https:\/\/deepbirddetect.de\/en\/wp-json\/wp\/v2\/types\/page"}],"author":[{"embeddable":true,"href":"https:\/\/deepbirddetect.de\/en\/wp-json\/wp\/v2\/users\/1"}],"replies":[{"embeddable":true,"href":"https:\/\/deepbirddetect.de\/en\/wp-json\/wp\/v2\/comments?post=58"}],"version-history":[{"count":197,"href":"https:\/\/deepbirddetect.de\/en\/wp-json\/wp\/v2\/pages\/58\/revisions"}],"predecessor-version":[{"id":1583,"href":"https:\/\/deepbirddetect.de\/en\/wp-json\/wp\/v2\/pages\/58\/revisions\/1583"}],"wp:attachment":[{"href":"https:\/\/deepbirddetect.de\/en\/wp-json\/wp\/v2\/media?parent=58"}],"curies":[{"name":"wp","href":"https:\/\/api.w.org\/{rel}","templated":true}]}}